{"id":1123,"date":"2023-01-28T23:07:15","date_gmt":"2023-01-28T23:07:15","guid":{"rendered":"https:\/\/new.axislawconsulting.com\/team\/"},"modified":"2025-08-21T06:36:31","modified_gmt":"2025-08-21T06:36:31","slug":"team","status":"publish","type":"page","link":"https:\/\/axislawconsulting.com\/tr\/team\/","title":{"rendered":"Ekibimiz"},"content":{"rendered":"\t\t<div data-elementor-type=\"wp-page\" data-elementor-id=\"1123\" class=\"elementor elementor-1123 elementor-529\" data-elementor-post-type=\"page\">\n\t\t\t\t\t\t<section class=\"elementor-section elementor-top-section elementor-element elementor-element-e05963c elementor-section-full_width elementor-section-height-default elementor-section-height-default\" data-id=\"e05963c\" data-element_type=\"section\" data-e-type=\"section\">\n\t\t\t\t\t\t<div class=\"elementor-container elementor-column-gap-default\">\n\t\t\t\t\t<div class=\"elementor-column elementor-col-100 elementor-top-column elementor-element elementor-element-f37b97e\" data-id=\"f37b97e\" data-element_type=\"column\" data-e-type=\"column\">\n\t\t\t<div class=\"elementor-widget-wrap elementor-element-populated\">\n\t\t\t\t\t\t<div class=\"elementor-element elementor-element-c59729a elementor-widget elementor-widget-template\" data-id=\"c59729a\" data-element_type=\"widget\" data-e-type=\"widget\" data-widget_type=\"template.default\">\n\t\t\t\t<div class=\"elementor-widget-container\">\n\t\t\t\t\t\t\t<div class=\"elementor-template\">\n\t\t\t\t\t<div data-elementor-type=\"section\" data-elementor-id=\"952\" class=\"elementor elementor-952 elementor-426 elementor-426\" data-elementor-post-type=\"elementor_library\">\n\t\t\t\t\t<section class=\"elementor-section elementor-top-section elementor-element elementor-element-3eebbf3 elementor-section-boxed elementor-section-height-default elementor-section-height-default\" data-id=\"3eebbf3\" data-element_type=\"section\" data-e-type=\"section\" data-settings=\"{&quot;background_background&quot;:&quot;classic&quot;}\">\n\t\t\t\t\t\t\t<div class=\"elementor-background-overlay\"><\/div>\n\t\t\t\t\t\t\t<div class=\"elementor-container elementor-column-gap-default\">\n\t\t\t\t\t<div class=\"elementor-column elementor-col-100 elementor-top-column elementor-element elementor-element-a1eff26\" data-id=\"a1eff26\" data-element_type=\"column\" data-e-type=\"column\">\n\t\t\t<div class=\"elementor-widget-wrap elementor-element-populated\">\n\t\t\t\t\t\t<div class=\"elementor-element elementor-element-3adfdd9 elementor-widget elementor-widget-heading\" data-id=\"3adfdd9\" data-element_type=\"widget\" data-e-type=\"widget\" data-widget_type=\"heading.default\">\n\t\t\t\t\t<h2 class=\"elementor-heading-title elementor-size-default\">Ekibimiz<\/h2>\t\t\t\t<\/div>\n\t\t\t\t<div class=\"elementor-element elementor-element-a3c2c70 elementor-align-center elementor-widget elementor-widget-breadcrumbs\" data-id=\"a3c2c70\" data-element_type=\"widget\" data-e-type=\"widget\" data-widget_type=\"breadcrumbs.default\">\n\t\t\t\t\t<p id=\"breadcrumbs\"><span><span><a href=\"https:\/\/axislawconsulting.com\/tr\/\">Anasayfa<\/a><\/span><\/span><\/p>\t\t\t\t<\/div>\n\t\t\t\t\t<\/div>\n\t\t<\/div>\n\t\t\t\t\t<\/div>\n\t\t<\/section>\n\t\t\t\t<\/div>\n\t\t\t\t<\/div>\n\t\t\t\t\t\t<\/div>\n\t\t\t\t<\/div>\n\t\t\t\t\t<\/div>\n\t\t<\/div>\n\t\t\t\t\t<\/div>\n\t\t<\/section>\n\t\t\t\t<section class=\"elementor-section elementor-top-section elementor-element elementor-element-417065e elementor-section-boxed elementor-section-height-default elementor-section-height-default\" data-id=\"417065e\" data-element_type=\"section\" data-e-type=\"section\" data-settings=\"{&quot;background_background&quot;:&quot;classic&quot;}\">\n\t\t\t\t\t\t<div class=\"elementor-container elementor-column-gap-default\">\n\t\t\t\t\t<div class=\"elementor-column elementor-col-100 elementor-top-column elementor-element elementor-element-427bcdd\" data-id=\"427bcdd\" data-element_type=\"column\" data-e-type=\"column\">\n\t\t\t<div class=\"elementor-widget-wrap elementor-element-populated\">\n\t\t\t\t\t\t<section class=\"elementor-section elementor-inner-section elementor-element elementor-element-dace177 elementor-section-boxed elementor-section-height-default elementor-section-height-default\" data-id=\"dace177\" data-element_type=\"section\" data-e-type=\"section\">\n\t\t\t\t\t\t<div class=\"elementor-container elementor-column-gap-default\">\n\t\t\t\t\t<div class=\"elementor-column elementor-col-100 elementor-inner-column elementor-element elementor-element-2fab043\" data-id=\"2fab043\" data-element_type=\"column\" data-e-type=\"column\">\n\t\t\t<div class=\"elementor-widget-wrap elementor-element-populated\">\n\t\t\t\t\t\t<div class=\"elementor-element elementor-element-0ba2f0d elementor-widget__width-initial elementor-widget-mobile__width-inherit elementor-position-top elementor-widget elementor-widget-image-box\" data-id=\"0ba2f0d\" data-element_type=\"widget\" data-e-type=\"widget\" data-widget_type=\"image-box.default\">\n\t\t\t\t\t<div class=\"elementor-image-box-wrapper\"><figure class=\"elementor-image-box-img\"><a href=\"#\" tabindex=\"-1\"><img fetchpriority=\"high\" decoding=\"async\" width=\"624\" height=\"936\" src=\"https:\/\/axislawconsulting.com\/wp-content\/uploads\/2023\/01\/musab-osmanoglu-2-rotated-1.jpeg\" class=\"attachment-full size-full wp-image-337\" alt=\"\" srcset=\"https:\/\/axislawconsulting.com\/wp-content\/uploads\/2023\/01\/musab-osmanoglu-2-rotated-1.jpeg 624w, https:\/\/axislawconsulting.com\/wp-content\/uploads\/2023\/01\/musab-osmanoglu-2-rotated-1-200x300.jpeg 200w\" sizes=\"(max-width: 624px) 100vw, 624px\" \/><\/a><\/figure><div class=\"elementor-image-box-content\"><h3 class=\"elementor-image-box-title\"><a href=\"#\">Musab Osmano\u011flu<\/a><\/h3><p class=\"elementor-image-box-description\">KURUCU<\/p><\/div><\/div>\t\t\t\t<\/div>\n\t\t\t\t<div class=\"elementor-element elementor-element-cd5d1f9 elementor-widget__width-initial elementor-widget-mobile__width-inherit elementor-position-top elementor-widget elementor-widget-image-box\" data-id=\"cd5d1f9\" data-element_type=\"widget\" data-e-type=\"widget\" data-widget_type=\"image-box.default\">\n\t\t\t\t\t<div class=\"elementor-image-box-wrapper\"><figure class=\"elementor-image-box-img\"><a href=\"#\" tabindex=\"-1\"><img decoding=\"async\" width=\"400\" height=\"600\" src=\"https:\/\/axislawconsulting.com\/wp-content\/uploads\/2023\/02\/halit-umur-ucar-axis-2.jpg\" class=\"attachment-full size-full wp-image-1939\" alt=\"\" srcset=\"https:\/\/axislawconsulting.com\/wp-content\/uploads\/2023\/02\/halit-umur-ucar-axis-2.jpg 400w, https:\/\/axislawconsulting.com\/wp-content\/uploads\/2023\/02\/halit-umur-ucar-axis-2-200x300.jpg 200w\" sizes=\"(max-width: 400px) 100vw, 400px\" \/><\/a><\/figure><div class=\"elementor-image-box-content\"><h3 class=\"elementor-image-box-title\"><a href=\"#\">Halit Umur U\u00e7ar<\/a><\/h3><p class=\"elementor-image-box-description\">KURUCU ORTAK\n\n<\/p><\/div><\/div>\t\t\t\t<\/div>\n\t\t\t\t\t<\/div>\n\t\t<\/div>\n\t\t\t\t\t<\/div>\n\t\t<\/section>\n\t\t\t\t<div class=\"elementor-element elementor-element-07c1252 elementor-widget__width-initial elementor-widget-mobile__width-inherit elementor-position-top elementor-widget elementor-widget-image-box\" data-id=\"07c1252\" data-element_type=\"widget\" data-e-type=\"widget\" data-widget_type=\"image-box.default\">\n\t\t\t\t\t<div class=\"elementor-image-box-wrapper\"><figure class=\"elementor-image-box-img\"><a href=\"#\" tabindex=\"-1\"><img decoding=\"async\" src=\"https:\/\/axislawconsulting.com\/wp-content\/uploads\/2023\/02\/IMG_2950.jpeg\" title=\"\" alt=\"\" loading=\"lazy\" \/><\/a><\/figure><div class=\"elementor-image-box-content\"><h3 class=\"elementor-image-box-title\"><a href=\"#\">Sedanur Celbek<\/a><\/h3><p class=\"elementor-image-box-description\">AVUKAT<\/p><\/div><\/div>\t\t\t\t<\/div>\n\t\t\t\t<div class=\"elementor-element elementor-element-f540334 elementor-widget__width-initial elementor-widget-mobile__width-inherit elementor-position-top elementor-widget elementor-widget-image-box\" data-id=\"f540334\" data-element_type=\"widget\" data-e-type=\"widget\" data-widget_type=\"image-box.default\">\n\t\t\t\t\t<div class=\"elementor-image-box-wrapper\"><figure class=\"elementor-image-box-img\"><a href=\"#\" tabindex=\"-1\"><img decoding=\"async\" width=\"300\" height=\"450\" src=\"https:\/\/axislawconsulting.com\/wp-content\/uploads\/2023\/01\/MOHAMMED-ALSHARQAWI.jpeg\" class=\"attachment-full size-full wp-image-920\" alt=\"\" srcset=\"https:\/\/axislawconsulting.com\/wp-content\/uploads\/2023\/01\/MOHAMMED-ALSHARQAWI.jpeg 300w, https:\/\/axislawconsulting.com\/wp-content\/uploads\/2023\/01\/MOHAMMED-ALSHARQAWI-200x300.jpeg 200w\" sizes=\"(max-width: 300px) 100vw, 300px\" \/><\/a><\/figure><div class=\"elementor-image-box-content\"><h3 class=\"elementor-image-box-title\"><a href=\"#\">Mohammed Alsharqawi, PhD<\/a><\/h3><p class=\"elementor-image-box-description\">Bilgi Teknolojileri Dan\u0131\u015fman\u0131<\/p><\/div><\/div>\t\t\t\t<\/div>\n\t\t\t\t\t<\/div>\n\t\t<\/div>\n\t\t\t\t\t<\/div>\n\t\t<\/section>\n\t\t\t\t<\/div>\n\t\t","protected":false},"excerpt":{"rendered":"<p>Musab Osmano\u011flu KURUCU Halit Umur U\u00e7ar KURUCU ORTAK Sedanur Celbek AVUKAT Mohammed Alsharqawi, PhD Bilgi Teknolojileri Dan\u0131\u015fman\u0131<\/p>\n","protected":false},"author":12,"featured_media":0,"parent":0,"menu_order":0,"comment_status":"closed","ping_status":"closed","template":"elementor_header_footer","meta":{"itsec_x_frame_options":"","footnotes":""},"class_list":["post-1123","page","type-page","status-publish","hentry"],"yoast_head":"<!-- This site is optimized with the Yoast SEO plugin v27.4 - https:\/\/yoast.com\/product\/yoast-seo-wordpress\/ -->\n<title>Ekibimiz - \u0645\u0643\u062a\u0628 \u0623\u0643\u0633\u064a\u0633 \u0644\u0644\u0645\u062d\u0627\u0645\u0627\u0629 \u0648\u0627\u0644\u0627\u0633\u062a\u0634\u0627\u0631\u0627\u062a<\/title>\n<meta name=\"robots\" content=\"index, follow, max-snippet:-1, max-image-preview:large, max-video-preview:-1\" \/>\n<link rel=\"canonical\" href=\"https:\/\/axislawconsulting.com\/tr\/team\/\" \/>\n<meta property=\"og:locale\" content=\"tr_TR\" \/>\n<meta property=\"og:type\" content=\"article\" \/>\n<meta property=\"og:title\" content=\"Ekibimiz - \u0645\u0643\u062a\u0628 \u0623\u0643\u0633\u064a\u0633 \u0644\u0644\u0645\u062d\u0627\u0645\u0627\u0629 \u0648\u0627\u0644\u0627\u0633\u062a\u0634\u0627\u0631\u0627\u062a\" \/>\n<meta property=\"og:description\" content=\"Musab Osmano\u011flu KURUCU Halit Umur U\u00e7ar KURUCU ORTAK Sedanur Celbek AVUKAT Mohammed Alsharqawi, PhD Bilgi Teknolojileri Dan\u0131\u015fman\u0131\" \/>\n<meta property=\"og:url\" content=\"https:\/\/axislawconsulting.com\/tr\/team\/\" \/>\n<meta property=\"og:site_name\" content=\"\u0645\u0643\u062a\u0628 \u0623\u0643\u0633\u064a\u0633 \u0644\u0644\u0645\u062d\u0627\u0645\u0627\u0629 \u0648\u0627\u0644\u0627\u0633\u062a\u0634\u0627\u0631\u0627\u062a\" \/>\n<meta property=\"article:publisher\" content=\"https:\/\/www.facebook.com\/people\/AXS-LAW-Consulting\/100085461437939\/\" \/>\n<meta property=\"article:modified_time\" content=\"2025-08-21T06:36:31+00:00\" \/>\n<meta property=\"og:image\" content=\"https:\/\/axislawconsulting.com\/wp-content\/uploads\/2023\/01\/musab-osmanoglu-2-rotated-1.jpeg\" \/>\n\t<meta property=\"og:image:width\" content=\"624\" \/>\n\t<meta property=\"og:image:height\" content=\"936\" \/>\n\t<meta property=\"og:image:type\" content=\"image\/jpeg\" \/>\n<meta name=\"twitter:card\" content=\"summary_large_image\" \/>\n<meta name=\"twitter:site\" content=\"@axis_law\" \/>\n<meta name=\"twitter:label1\" content=\"Tahmini okuma s\u00fcresi\" \/>\n\t<meta name=\"twitter:data1\" content=\"1 dakika\" \/>\n<script type=\"application\/ld+json\" class=\"yoast-schema-graph\">{\"@context\":\"https:\\\/\\\/schema.org\",\"@graph\":[{\"@type\":\"WebPage\",\"@id\":\"https:\\\/\\\/axislawconsulting.com\\\/tr\\\/team\\\/\",\"url\":\"https:\\\/\\\/axislawconsulting.com\\\/tr\\\/team\\\/\",\"name\":\"Ekibimiz - \u0645\u0643\u062a\u0628 \u0623\u0643\u0633\u064a\u0633 \u0644\u0644\u0645\u062d\u0627\u0645\u0627\u0629 \u0648\u0627\u0644\u0627\u0633\u062a\u0634\u0627\u0631\u0627\u062a\",\"isPartOf\":{\"@id\":\"https:\\\/\\\/axislawconsulting.com\\\/ar\\\/#website\"},\"primaryImageOfPage\":{\"@id\":\"https:\\\/\\\/axislawconsulting.com\\\/tr\\\/team\\\/#primaryimage\"},\"image\":{\"@id\":\"https:\\\/\\\/axislawconsulting.com\\\/tr\\\/team\\\/#primaryimage\"},\"thumbnailUrl\":\"https:\\\/\\\/axislawconsulting.com\\\/wp-content\\\/uploads\\\/2023\\\/01\\\/musab-osmanoglu-2-rotated-1.jpeg\",\"datePublished\":\"2023-01-28T23:07:15+00:00\",\"dateModified\":\"2025-08-21T06:36:31+00:00\",\"breadcrumb\":{\"@id\":\"https:\\\/\\\/axislawconsulting.com\\\/tr\\\/team\\\/#breadcrumb\"},\"inLanguage\":\"tr\",\"potentialAction\":[{\"@type\":\"ReadAction\",\"target\":[\"https:\\\/\\\/axislawconsulting.com\\\/tr\\\/team\\\/\"]}]},{\"@type\":\"ImageObject\",\"inLanguage\":\"tr\",\"@id\":\"https:\\\/\\\/axislawconsulting.com\\\/tr\\\/team\\\/#primaryimage\",\"url\":\"https:\\\/\\\/axislawconsulting.com\\\/wp-content\\\/uploads\\\/2023\\\/01\\\/musab-osmanoglu-2-rotated-1.jpeg\",\"contentUrl\":\"https:\\\/\\\/axislawconsulting.com\\\/wp-content\\\/uploads\\\/2023\\\/01\\\/musab-osmanoglu-2-rotated-1.jpeg\"},{\"@type\":\"BreadcrumbList\",\"@id\":\"https:\\\/\\\/axislawconsulting.com\\\/tr\\\/team\\\/#breadcrumb\",\"itemListElement\":[{\"@type\":\"ListItem\",\"position\":1,\"name\":\"Anasayfa\",\"item\":\"https:\\\/\\\/axislawconsulting.com\\\/tr\\\/\"},{\"@type\":\"ListItem\",\"position\":2,\"name\":\"Ekibimiz\"}]},{\"@type\":\"WebSite\",\"@id\":\"https:\\\/\\\/axislawconsulting.com\\\/ar\\\/#website\",\"url\":\"https:\\\/\\\/axislawconsulting.com\\\/ar\\\/\",\"name\":\"\u0645\u0643\u062a\u0628 \u0623\u0643\u0633\u064a\u0633 \u0644\u0644\u0645\u062d\u0627\u0645\u0627\u0629 \u0648\u0627\u0644\u0627\u0633\u062a\u0634\u0627\u0631\u0627\u062a\",\"description\":\"\u0623\u0643\u0633\u064a\u0633 \u0644\u0644\u0627\u0633\u062a\u0634\u0627\u0631\u0627\u062a \u0627\u0644\u0642\u0627\u0646\u0648\u0646\u064a\u0629\",\"potentialAction\":[{\"@type\":\"SearchAction\",\"target\":{\"@type\":\"EntryPoint\",\"urlTemplate\":\"https:\\\/\\\/axislawconsulting.com\\\/ar\\\/?s={search_term_string}\"},\"query-input\":{\"@type\":\"PropertyValueSpecification\",\"valueRequired\":true,\"valueName\":\"search_term_string\"}}],\"inLanguage\":\"tr\"}]}<\/script>\n<!-- \/ Yoast SEO plugin. -->","yoast_head_json":{"title":"Ekibimiz - \u0645\u0643\u062a\u0628 \u0623\u0643\u0633\u064a\u0633 \u0644\u0644\u0645\u062d\u0627\u0645\u0627\u0629 \u0648\u0627\u0644\u0627\u0633\u062a\u0634\u0627\u0631\u0627\u062a","robots":{"index":"index","follow":"follow","max-snippet":"max-snippet:-1","max-image-preview":"max-image-preview:large","max-video-preview":"max-video-preview:-1"},"canonical":"https:\/\/axislawconsulting.com\/tr\/team\/","og_locale":"tr_TR","og_type":"article","og_title":"Ekibimiz - \u0645\u0643\u062a\u0628 \u0623\u0643\u0633\u064a\u0633 \u0644\u0644\u0645\u062d\u0627\u0645\u0627\u0629 \u0648\u0627\u0644\u0627\u0633\u062a\u0634\u0627\u0631\u0627\u062a","og_description":"Musab Osmano\u011flu KURUCU Halit Umur U\u00e7ar KURUCU ORTAK Sedanur Celbek AVUKAT Mohammed Alsharqawi, PhD Bilgi Teknolojileri Dan\u0131\u015fman\u0131","og_url":"https:\/\/axislawconsulting.com\/tr\/team\/","og_site_name":"\u0645\u0643\u062a\u0628 \u0623\u0643\u0633\u064a\u0633 \u0644\u0644\u0645\u062d\u0627\u0645\u0627\u0629 \u0648\u0627\u0644\u0627\u0633\u062a\u0634\u0627\u0631\u0627\u062a","article_publisher":"https:\/\/www.facebook.com\/people\/AXS-LAW-Consulting\/100085461437939\/","article_modified_time":"2025-08-21T06:36:31+00:00","og_image":[{"width":624,"height":936,"url":"https:\/\/axislawconsulting.com\/wp-content\/uploads\/2023\/01\/musab-osmanoglu-2-rotated-1.jpeg","type":"image\/jpeg"}],"twitter_card":"summary_large_image","twitter_site":"@axis_law","twitter_misc":{"Tahmini okuma s\u00fcresi":"1 dakika"},"schema":{"@context":"https:\/\/schema.org","@graph":[{"@type":"WebPage","@id":"https:\/\/axislawconsulting.com\/tr\/team\/","url":"https:\/\/axislawconsulting.com\/tr\/team\/","name":"Ekibimiz - \u0645\u0643\u062a\u0628 \u0623\u0643\u0633\u064a\u0633 \u0644\u0644\u0645\u062d\u0627\u0645\u0627\u0629 \u0648\u0627\u0644\u0627\u0633\u062a\u0634\u0627\u0631\u0627\u062a","isPartOf":{"@id":"https:\/\/axislawconsulting.com\/ar\/#website"},"primaryImageOfPage":{"@id":"https:\/\/axislawconsulting.com\/tr\/team\/#primaryimage"},"image":{"@id":"https:\/\/axislawconsulting.com\/tr\/team\/#primaryimage"},"thumbnailUrl":"https:\/\/axislawconsulting.com\/wp-content\/uploads\/2023\/01\/musab-osmanoglu-2-rotated-1.jpeg","datePublished":"2023-01-28T23:07:15+00:00","dateModified":"2025-08-21T06:36:31+00:00","breadcrumb":{"@id":"https:\/\/axislawconsulting.com\/tr\/team\/#breadcrumb"},"inLanguage":"tr","potentialAction":[{"@type":"ReadAction","target":["https:\/\/axislawconsulting.com\/tr\/team\/"]}]},{"@type":"ImageObject","inLanguage":"tr","@id":"https:\/\/axislawconsulting.com\/tr\/team\/#primaryimage","url":"https:\/\/axislawconsulting.com\/wp-content\/uploads\/2023\/01\/musab-osmanoglu-2-rotated-1.jpeg","contentUrl":"https:\/\/axislawconsulting.com\/wp-content\/uploads\/2023\/01\/musab-osmanoglu-2-rotated-1.jpeg"},{"@type":"BreadcrumbList","@id":"https:\/\/axislawconsulting.com\/tr\/team\/#breadcrumb","itemListElement":[{"@type":"ListItem","position":1,"name":"Anasayfa","item":"https:\/\/axislawconsulting.com\/tr\/"},{"@type":"ListItem","position":2,"name":"Ekibimiz"}]},{"@type":"WebSite","@id":"https:\/\/axislawconsulting.com\/ar\/#website","url":"https:\/\/axislawconsulting.com\/ar\/","name":"\u0645\u0643\u062a\u0628 \u0623\u0643\u0633\u064a\u0633 \u0644\u0644\u0645\u062d\u0627\u0645\u0627\u0629 \u0648\u0627\u0644\u0627\u0633\u062a\u0634\u0627\u0631\u0627\u062a","description":"\u0623\u0643\u0633\u064a\u0633 \u0644\u0644\u0627\u0633\u062a\u0634\u0627\u0631\u0627\u062a \u0627\u0644\u0642\u0627\u0646\u0648\u0646\u064a\u0629","potentialAction":[{"@type":"SearchAction","target":{"@type":"EntryPoint","urlTemplate":"https:\/\/axislawconsulting.com\/ar\/?s={search_term_string}"},"query-input":{"@type":"PropertyValueSpecification","valueRequired":true,"valueName":"search_term_string"}}],"inLanguage":"tr"}]}},"_links":{"self":[{"href":"https:\/\/axislawconsulting.com\/tr\/wp-json\/wp\/v2\/pages\/1123","targetHints":{"allow":["GET"]}}],"collection":[{"href":"https:\/\/axislawconsulting.com\/tr\/wp-json\/wp\/v2\/pages"}],"about":[{"href":"https:\/\/axislawconsulting.com\/tr\/wp-json\/wp\/v2\/types\/page"}],"author":[{"embeddable":true,"href":"https:\/\/axislawconsulting.com\/tr\/wp-json\/wp\/v2\/users\/12"}],"replies":[{"embeddable":true,"href":"https:\/\/axislawconsulting.com\/tr\/wp-json\/wp\/v2\/comments?post=1123"}],"version-history":[{"count":202,"href":"https:\/\/axislawconsulting.com\/tr\/wp-json\/wp\/v2\/pages\/1123\/revisions"}],"predecessor-version":[{"id":3284,"href":"https:\/\/axislawconsulting.com\/tr\/wp-json\/wp\/v2\/pages\/1123\/revisions\/3284"}],"wp:attachment":[{"href":"https:\/\/axislawconsulting.com\/tr\/wp-json\/wp\/v2\/media?parent=1123"}],"curies":[{"name":"wp","href":"https:\/\/api.w.org\/{rel}","templated":true}]}}