{"id":1186,"date":"2023-01-29T08:49:20","date_gmt":"2023-01-29T08:49:20","guid":{"rendered":"https:\/\/new.axislawconsulting.com\/sports-law\/"},"modified":"2023-02-01T00:47:43","modified_gmt":"2023-02-01T00:47:43","slug":"sports-law","status":"publish","type":"page","link":"https:\/\/axislawconsulting.com\/tr\/sports-law\/","title":{"rendered":"Spor Hukuku"},"content":{"rendered":"\t\t<div data-elementor-type=\"wp-page\" data-elementor-id=\"1186\" class=\"elementor elementor-1186 elementor-738\" data-elementor-post-type=\"page\">\n\t\t\t\t\t\t<section class=\"elementor-section elementor-top-section elementor-element elementor-element-4fbc684 elementor-section-full_width elementor-section-height-default elementor-section-height-default\" data-id=\"4fbc684\" data-element_type=\"section\" data-e-type=\"section\">\n\t\t\t\t\t\t<div class=\"elementor-container elementor-column-gap-default\">\n\t\t\t\t\t<div class=\"elementor-column elementor-col-100 elementor-top-column elementor-element elementor-element-4f5c3ac\" data-id=\"4f5c3ac\" data-element_type=\"column\" data-e-type=\"column\">\n\t\t\t<div class=\"elementor-widget-wrap elementor-element-populated\">\n\t\t\t\t\t\t<div class=\"elementor-element elementor-element-4b61f09 elementor-widget elementor-widget-template\" data-id=\"4b61f09\" data-element_type=\"widget\" data-e-type=\"widget\" data-widget_type=\"template.default\">\n\t\t\t\t<div class=\"elementor-widget-container\">\n\t\t\t\t\t\t\t<div class=\"elementor-template\">\n\t\t\t\t\t<div data-elementor-type=\"section\" data-elementor-id=\"958\" class=\"elementor elementor-958 elementor-632 elementor-632\" data-elementor-post-type=\"elementor_library\">\n\t\t\t\t\t<section class=\"elementor-section elementor-top-section elementor-element elementor-element-150306e elementor-section-boxed elementor-section-height-default elementor-section-height-default\" data-id=\"150306e\" data-element_type=\"section\" data-e-type=\"section\" data-settings=\"{&quot;background_background&quot;:&quot;classic&quot;}\">\n\t\t\t\t\t\t\t<div class=\"elementor-background-overlay\"><\/div>\n\t\t\t\t\t\t\t<div class=\"elementor-container elementor-column-gap-default\">\n\t\t\t\t\t<div class=\"elementor-column elementor-col-100 elementor-top-column elementor-element elementor-element-c83b0d9\" data-id=\"c83b0d9\" data-element_type=\"column\" data-e-type=\"column\">\n\t\t\t<div class=\"elementor-widget-wrap elementor-element-populated\">\n\t\t\t\t\t\t<div class=\"elementor-element elementor-element-d025601 elementor-widget elementor-widget-heading\" data-id=\"d025601\" data-element_type=\"widget\" data-e-type=\"widget\" data-widget_type=\"heading.default\">\n\t\t\t\t\t<h2 class=\"elementor-heading-title elementor-size-default\">Spor Hukuku<\/h2>\t\t\t\t<\/div>\n\t\t\t\t<div class=\"elementor-element elementor-element-af8c9d6 elementor-align-center elementor-widget elementor-widget-breadcrumbs\" data-id=\"af8c9d6\" data-element_type=\"widget\" data-e-type=\"widget\" data-widget_type=\"breadcrumbs.default\">\n\t\t\t\t\t<p id=\"breadcrumbs\"><span><span><a href=\"https:\/\/axislawconsulting.com\/tr\/\">Anasayfa<\/a><\/span><\/span><\/p>\t\t\t\t<\/div>\n\t\t\t\t\t<\/div>\n\t\t<\/div>\n\t\t\t\t\t<\/div>\n\t\t<\/section>\n\t\t\t\t<section class=\"elementor-section elementor-top-section elementor-element elementor-element-945b2e3 elementor-section-boxed elementor-section-height-default elementor-section-height-default\" data-id=\"945b2e3\" data-element_type=\"section\" data-e-type=\"section\" data-settings=\"{&quot;background_background&quot;:&quot;classic&quot;}\">\n\t\t\t\t\t\t<div class=\"elementor-container elementor-column-gap-default\">\n\t\t\t\t\t<div class=\"elementor-column elementor-col-25 elementor-top-column elementor-element elementor-element-3fedd91\" data-id=\"3fedd91\" data-element_type=\"column\" data-e-type=\"column\">\n\t\t\t<div class=\"elementor-widget-wrap elementor-element-populated\">\n\t\t\t\t\t\t<div class=\"elementor-element elementor-element-1605bd7 elementor-view-default elementor-position-block-start elementor-mobile-position-block-start elementor-widget elementor-widget-icon-box\" data-id=\"1605bd7\" data-element_type=\"widget\" data-e-type=\"widget\" data-widget_type=\"icon-box.default\">\n\t\t\t\t\t\t\t<div class=\"elementor-icon-box-wrapper\">\n\n\t\t\t\t\t\t<div class=\"elementor-icon-box-icon\">\n\t\t\t\t<a href=\"tel:05303094644\" class=\"elementor-icon\" tabindex=\"-1\" aria-label=\"GSM\">\n\t\t\t\t<svg aria-hidden=\"true\" class=\"e-font-icon-svg e-fas-phone-alt\" viewBox=\"0 0 512 512\" xmlns=\"http:\/\/www.w3.org\/2000\/svg\"><path d=\"M497.39 361.8l-112-48a24 24 0 0 0-28 6.9l-49.6 60.6A370.66 370.66 0 0 1 130.6 204.11l60.6-49.6a23.94 23.94 0 0 0 6.9-28l-48-112A24.16 24.16 0 0 0 122.6.61l-104 24A24 24 0 0 0 0 48c0 256.5 207.9 464 464 464a24 24 0 0 0 23.4-18.6l24-104a24.29 24.29 0 0 0-14.01-27.6z\"><\/path><\/svg>\t\t\t\t<\/a>\n\t\t\t<\/div>\n\t\t\t\n\t\t\t\t\t\t<div class=\"elementor-icon-box-content\">\n\n\t\t\t\t\t\t\t\t\t<h3 class=\"elementor-icon-box-title\">\n\t\t\t\t\t\t<a href=\"tel:05303094644\" >\n\t\t\t\t\t\t\tGSM\t\t\t\t\t\t<\/a>\n\t\t\t\t\t<\/h3>\n\t\t\t\t\n\t\t\t\t\t\t\t\t\t<p class=\"elementor-icon-box-description\">\n\t\t\t\t\t\t+90.530.309.46.44\t\t\t\t\t<\/p>\n\t\t\t\t\n\t\t\t<\/div>\n\t\t\t\n\t\t<\/div>\n\t\t\t\t\t\t<\/div>\n\t\t\t\t\t<\/div>\n\t\t<\/div>\n\t\t\t\t<div class=\"elementor-column elementor-col-25 elementor-top-column elementor-element elementor-element-0ad6984\" data-id=\"0ad6984\" data-element_type=\"column\" data-e-type=\"column\">\n\t\t\t<div class=\"elementor-widget-wrap elementor-element-populated\">\n\t\t\t\t\t\t<div class=\"elementor-element elementor-element-5a171a8 elementor-view-default elementor-position-block-start elementor-mobile-position-block-start elementor-widget elementor-widget-icon-box\" data-id=\"5a171a8\" data-element_type=\"widget\" data-e-type=\"widget\" data-widget_type=\"icon-box.default\">\n\t\t\t\t\t\t\t<div class=\"elementor-icon-box-wrapper\">\n\n\t\t\t\t\t\t<div class=\"elementor-icon-box-icon\">\n\t\t\t\t<a href=\"https:\/\/wa.me\/905303094644\" class=\"elementor-icon\" tabindex=\"-1\" aria-label=\"WhatsApp\">\n\t\t\t\t<svg aria-hidden=\"true\" class=\"e-font-icon-svg e-fab-whatsapp\" viewBox=\"0 0 448 512\" xmlns=\"http:\/\/www.w3.org\/2000\/svg\"><path d=\"M380.9 97.1C339 55.1 283.2 32 223.9 32c-122.4 0-222 99.6-222 222 0 39.1 10.2 77.3 29.6 111L0 480l117.7-30.9c32.4 17.7 68.9 27 106.1 27h.1c122.3 0 224.1-99.6 224.1-222 0-59.3-25.2-115-67.1-157zm-157 341.6c-33.2 0-65.7-8.9-94-25.7l-6.7-4-69.8 18.3L72 359.2l-4.4-7c-18.5-29.4-28.2-63.3-28.2-98.2 0-101.7 82.8-184.5 184.6-184.5 49.3 0 95.6 19.2 130.4 54.1 34.8 34.9 56.2 81.2 56.1 130.5 0 101.8-84.9 184.6-186.6 184.6zm101.2-138.2c-5.5-2.8-32.8-16.2-37.9-18-5.1-1.9-8.8-2.8-12.5 2.8-3.7 5.6-14.3 18-17.6 21.8-3.2 3.7-6.5 4.2-12 1.4-32.6-16.3-54-29.1-75.5-66-5.7-9.8 5.7-9.1 16.3-30.3 1.8-3.7.9-6.9-.5-9.7-1.4-2.8-12.5-30.1-17.1-41.2-4.5-10.8-9.1-9.3-12.5-9.5-3.2-.2-6.9-.2-10.6-.2-3.7 0-9.7 1.4-14.8 6.9-5.1 5.6-19.4 19-19.4 46.3 0 27.3 19.9 53.7 22.6 57.4 2.8 3.7 39.1 59.7 94.8 83.8 35.2 15.2 49 16.5 66.6 13.9 10.7-1.6 32.8-13.4 37.4-26.4 4.6-13 4.6-24.1 3.2-26.4-1.3-2.5-5-3.9-10.5-6.6z\"><\/path><\/svg>\t\t\t\t<\/a>\n\t\t\t<\/div>\n\t\t\t\n\t\t\t\t\t\t<div class=\"elementor-icon-box-content\">\n\n\t\t\t\t\t\t\t\t\t<h3 class=\"elementor-icon-box-title\">\n\t\t\t\t\t\t<a href=\"https:\/\/wa.me\/905303094644\" >\n\t\t\t\t\t\t\tWhatsApp\t\t\t\t\t\t<\/a>\n\t\t\t\t\t<\/h3>\n\t\t\t\t\n\t\t\t\t\t\t\t\t\t<p class=\"elementor-icon-box-description\">\n\t\t\t\t\t\tWhatsApp ile ileti\u015fim\t\t\t\t\t<\/p>\n\t\t\t\t\n\t\t\t<\/div>\n\t\t\t\n\t\t<\/div>\n\t\t\t\t\t\t<\/div>\n\t\t\t\t\t<\/div>\n\t\t<\/div>\n\t\t\t\t<div class=\"elementor-column elementor-col-25 elementor-top-column elementor-element elementor-element-96f23f8\" data-id=\"96f23f8\" data-element_type=\"column\" data-e-type=\"column\">\n\t\t\t<div class=\"elementor-widget-wrap elementor-element-populated\">\n\t\t\t\t\t\t<div class=\"elementor-element elementor-element-342f75f elementor-view-default elementor-position-block-start elementor-mobile-position-block-start elementor-widget elementor-widget-icon-box\" data-id=\"342f75f\" data-element_type=\"widget\" data-e-type=\"widget\" data-widget_type=\"icon-box.default\">\n\t\t\t\t\t\t\t<div class=\"elementor-icon-box-wrapper\">\n\n\t\t\t\t\t\t<div class=\"elementor-icon-box-icon\">\n\t\t\t\t<a href=\"tel:02128301701\" class=\"elementor-icon\" tabindex=\"-1\" aria-label=\"Telefon\">\n\t\t\t\t<svg aria-hidden=\"true\" class=\"e-font-icon-svg e-fas-phone-alt\" viewBox=\"0 0 512 512\" xmlns=\"http:\/\/www.w3.org\/2000\/svg\"><path d=\"M497.39 361.8l-112-48a24 24 0 0 0-28 6.9l-49.6 60.6A370.66 370.66 0 0 1 130.6 204.11l60.6-49.6a23.94 23.94 0 0 0 6.9-28l-48-112A24.16 24.16 0 0 0 122.6.61l-104 24A24 24 0 0 0 0 48c0 256.5 207.9 464 464 464a24 24 0 0 0 23.4-18.6l24-104a24.29 24.29 0 0 0-14.01-27.6z\"><\/path><\/svg>\t\t\t\t<\/a>\n\t\t\t<\/div>\n\t\t\t\n\t\t\t\t\t\t<div class=\"elementor-icon-box-content\">\n\n\t\t\t\t\t\t\t\t\t<h3 class=\"elementor-icon-box-title\">\n\t\t\t\t\t\t<a href=\"tel:02128301701\" >\n\t\t\t\t\t\t\tTelefon\t\t\t\t\t\t<\/a>\n\t\t\t\t\t<\/h3>\n\t\t\t\t\n\t\t\t\t\t\t\t\t\t<p class=\"elementor-icon-box-description\">\n\t\t\t\t\t\t0.212.830.17.01\t\t\t\t\t<\/p>\n\t\t\t\t\n\t\t\t<\/div>\n\t\t\t\n\t\t<\/div>\n\t\t\t\t\t\t<\/div>\n\t\t\t\t\t<\/div>\n\t\t<\/div>\n\t\t\t\t<div class=\"elementor-column elementor-col-25 elementor-top-column elementor-element elementor-element-770e51a\" data-id=\"770e51a\" data-element_type=\"column\" data-e-type=\"column\">\n\t\t\t<div class=\"elementor-widget-wrap elementor-element-populated\">\n\t\t\t\t\t\t<div class=\"elementor-element elementor-element-5508862 elementor-view-default elementor-position-block-start elementor-mobile-position-block-start elementor-widget elementor-widget-icon-box\" data-id=\"5508862\" data-element_type=\"widget\" data-e-type=\"widget\" data-widget_type=\"icon-box.default\">\n\t\t\t\t\t\t\t<div class=\"elementor-icon-box-wrapper\">\n\n\t\t\t\t\t\t<div class=\"elementor-icon-box-icon\">\n\t\t\t\t<a href=\"mailto:info@axislawconsulting.com\" class=\"elementor-icon\" tabindex=\"-1\" aria-label=\"Email\">\n\t\t\t\t<svg aria-hidden=\"true\" class=\"e-font-icon-svg e-fas-envelope\" viewBox=\"0 0 512 512\" xmlns=\"http:\/\/www.w3.org\/2000\/svg\"><path d=\"M502.3 190.8c3.9-3.1 9.7-.2 9.7 4.7V400c0 26.5-21.5 48-48 48H48c-26.5 0-48-21.5-48-48V195.6c0-5 5.7-7.8 9.7-4.7 22.4 17.4 52.1 39.5 154.1 113.6 21.1 15.4 56.7 47.8 92.2 47.6 35.7.3 72-32.8 92.3-47.6 102-74.1 131.6-96.3 154-113.7zM256 320c23.2.4 56.6-29.2 73.4-41.4 132.7-96.3 142.8-104.7 173.4-128.7 5.8-4.5 9.2-11.5 9.2-18.9v-19c0-26.5-21.5-48-48-48H48C21.5 64 0 85.5 0 112v19c0 7.4 3.4 14.3 9.2 18.9 30.6 23.9 40.7 32.4 173.4 128.7 16.8 12.2 50.2 41.8 73.4 41.4z\"><\/path><\/svg>\t\t\t\t<\/a>\n\t\t\t<\/div>\n\t\t\t\n\t\t\t\t\t\t<div class=\"elementor-icon-box-content\">\n\n\t\t\t\t\t\t\t\t\t<h3 class=\"elementor-icon-box-title\">\n\t\t\t\t\t\t<a href=\"mailto:info@axislawconsulting.com\" >\n\t\t\t\t\t\t\tEmail\t\t\t\t\t\t<\/a>\n\t\t\t\t\t<\/h3>\n\t\t\t\t\n\t\t\t\t\t\t\t\t\t<p class=\"elementor-icon-box-description\">\n\t\t\t\t\t\tinfo@axislawconsulting.com\t\t\t\t\t<\/p>\n\t\t\t\t\n\t\t\t<\/div>\n\t\t\t\n\t\t<\/div>\n\t\t\t\t\t\t<\/div>\n\t\t\t\t\t<\/div>\n\t\t<\/div>\n\t\t\t\t\t<\/div>\n\t\t<\/section>\n\t\t\t\t<\/div>\n\t\t\t\t<\/div>\n\t\t\t\t\t\t<\/div>\n\t\t\t\t<\/div>\n\t\t\t\t\t<\/div>\n\t\t<\/div>\n\t\t\t\t\t<\/div>\n\t\t<\/section>\n\t\t\t\t<section class=\"elementor-section elementor-top-section elementor-element elementor-element-c9c7656 elementor-section-content-middle elementor-section-boxed elementor-section-height-default elementor-section-height-default\" data-id=\"c9c7656\" data-element_type=\"section\" data-e-type=\"section\" data-settings=\"{&quot;background_background&quot;:&quot;classic&quot;}\">\n\t\t\t\t\t\t<div class=\"elementor-container elementor-column-gap-default\">\n\t\t\t\t\t<div class=\"elementor-column elementor-col-50 elementor-top-column elementor-element elementor-element-ab0c74a\" data-id=\"ab0c74a\" data-element_type=\"column\" data-e-type=\"column\">\n\t\t\t<div class=\"elementor-widget-wrap elementor-element-populated\">\n\t\t\t\t\t\t<div class=\"elementor-element elementor-element-32ac88a elementor-widget elementor-widget-heading\" data-id=\"32ac88a\" data-element_type=\"widget\" data-e-type=\"widget\" data-widget_type=\"heading.default\">\n\t\t\t\t\t<h2 class=\"elementor-heading-title elementor-size-default\">Spor Hukuku\n<\/h2>\t\t\t\t<\/div>\n\t\t\t\t<div class=\"elementor-element elementor-element-e12ca0f elementor-widget-divider--view-line elementor-widget elementor-widget-divider\" data-id=\"e12ca0f\" data-element_type=\"widget\" data-e-type=\"widget\" data-widget_type=\"divider.default\">\n\t\t\t\t\t\t\t<div class=\"elementor-divider\">\n\t\t\t<span class=\"elementor-divider-separator\">\n\t\t\t\t\t\t<\/span>\n\t\t<\/div>\n\t\t\t\t\t\t<\/div>\n\t\t\t\t<div class=\"elementor-element elementor-element-3f0307d elementor-widget elementor-widget-text-editor\" data-id=\"3f0307d\" data-element_type=\"widget\" data-e-type=\"widget\" data-widget_type=\"text-editor.default\">\n\t\t\t\t\t\t\t\t\t<p>Bir\u00e7ok geli\u015fmi\u015f \u00fclkede ba\u015fl\u0131 ba\u015f\u0131na bir hukuk dal\u0131 olan Spor Hukuku, \u00fclkemizde de de\u011fi\u015fen ihtiya\u00e7lar ve geli\u015fen sistem sebebi ile s\u0131k\u00e7a dan\u0131\u015fmanl\u0131\u011fa ihtiya\u00e7 duyulan bir husus haline gelmi\u015ftir. Ofisimizde sporcular\u0131n kul\u00fcplerden olan hak ve alacaklar\u0131n\u0131n tahsili ba\u015fta olmak \u00fczere; sporculara verilen hak mahrumiyet cezalar\u0131n\u0131n iptali, sponsorluk veya menajerlik s\u00f6zle\u015fmelerinin haz\u0131rlanmas\u0131, spor hukukundan kaynakl\u0131 cezalar\u0131n iptali gibi spor alan\u0131ndan kaynakl\u0131 bir\u00e7ok uyu\u015fmazl\u0131k i\u00e7in dan\u0131\u015fmanl\u0131k hizmeti verilmektedir.<\/p>\t\t\t\t\t\t\t\t<\/div>\n\t\t\t\t\t<\/div>\n\t\t<\/div>\n\t\t\t\t<div class=\"elementor-column elementor-col-50 elementor-top-column elementor-element elementor-element-93cff29\" data-id=\"93cff29\" data-element_type=\"column\" data-e-type=\"column\">\n\t\t\t<div class=\"elementor-widget-wrap elementor-element-populated\">\n\t\t\t\t\t\t<div class=\"elementor-element elementor-element-6472619 elementor-widget elementor-widget-image\" data-id=\"6472619\" data-element_type=\"widget\" data-e-type=\"widget\" data-widget_type=\"image.default\">\n\t\t\t\t\t\t\t\t\t\t\t\t\t\t\t<img fetchpriority=\"high\" decoding=\"async\" width=\"1000\" height=\"667\" src=\"https:\/\/axislawconsulting.com\/wp-content\/uploads\/2023\/01\/young-man-runner-tying-shoelaces-1.jpg\" class=\"attachment-full size-full wp-image-743\" alt=\"\" srcset=\"https:\/\/axislawconsulting.com\/wp-content\/uploads\/2023\/01\/young-man-runner-tying-shoelaces-1.jpg 1000w, https:\/\/axislawconsulting.com\/wp-content\/uploads\/2023\/01\/young-man-runner-tying-shoelaces-1-300x200.jpg 300w, https:\/\/axislawconsulting.com\/wp-content\/uploads\/2023\/01\/young-man-runner-tying-shoelaces-1-768x512.jpg 768w\" sizes=\"(max-width: 1000px) 100vw, 1000px\" \/>\t\t\t\t\t\t\t\t\t\t\t\t\t\t\t<\/div>\n\t\t\t\t\t<\/div>\n\t\t<\/div>\n\t\t\t\t\t<\/div>\n\t\t<\/section>\n\t\t\t\t<\/div>\n\t\t","protected":false},"excerpt":{"rendered":"<p>Spor Hukuku Bir\u00e7ok geli\u015fmi\u015f \u00fclkede ba\u015fl\u0131 ba\u015f\u0131na bir hukuk dal\u0131 olan Spor Hukuku, \u00fclkemizde de de\u011fi\u015fen ihtiya\u00e7lar ve geli\u015fen sistem sebebi ile s\u0131k\u00e7a dan\u0131\u015fmanl\u0131\u011fa ihtiya\u00e7 duyulan bir husus haline gelmi\u015ftir. Ofisimizde sporcular\u0131n kul\u00fcplerden olan hak ve alacaklar\u0131n\u0131n tahsili ba\u015fta olmak \u00fczere; sporculara verilen hak mahrumiyet cezalar\u0131n\u0131n iptali, sponsorluk veya menajerlik s\u00f6zle\u015fmelerinin haz\u0131rlanmas\u0131, spor hukukundan kaynakl\u0131 [&hellip;]<\/p>\n","protected":false},"author":12,"featured_media":0,"parent":0,"menu_order":0,"comment_status":"closed","ping_status":"closed","template":"elementor_header_footer","meta":{"itsec_x_frame_options":"","footnotes":""},"class_list":["post-1186","page","type-page","status-publish","hentry"],"yoast_head":"<!-- This site is optimized with the Yoast SEO plugin v27.4 - https:\/\/yoast.com\/product\/yoast-seo-wordpress\/ -->\n<title>Spor Hukuku - \u0645\u0643\u062a\u0628 \u0623\u0643\u0633\u064a\u0633 \u0644\u0644\u0645\u062d\u0627\u0645\u0627\u0629 \u0648\u0627\u0644\u0627\u0633\u062a\u0634\u0627\u0631\u0627\u062a<\/title>\n<meta name=\"robots\" content=\"index, follow, max-snippet:-1, max-image-preview:large, max-video-preview:-1\" \/>\n<link rel=\"canonical\" href=\"https:\/\/axislawconsulting.com\/tr\/sports-law\/\" \/>\n<meta property=\"og:locale\" content=\"tr_TR\" \/>\n<meta property=\"og:type\" content=\"article\" \/>\n<meta property=\"og:title\" content=\"Spor Hukuku - \u0645\u0643\u062a\u0628 \u0623\u0643\u0633\u064a\u0633 \u0644\u0644\u0645\u062d\u0627\u0645\u0627\u0629 \u0648\u0627\u0644\u0627\u0633\u062a\u0634\u0627\u0631\u0627\u062a\" \/>\n<meta property=\"og:description\" content=\"Spor Hukuku Bir\u00e7ok geli\u015fmi\u015f \u00fclkede ba\u015fl\u0131 ba\u015f\u0131na bir hukuk dal\u0131 olan Spor Hukuku, \u00fclkemizde de de\u011fi\u015fen ihtiya\u00e7lar ve geli\u015fen sistem sebebi ile s\u0131k\u00e7a dan\u0131\u015fmanl\u0131\u011fa ihtiya\u00e7 duyulan bir husus haline gelmi\u015ftir. Ofisimizde sporcular\u0131n kul\u00fcplerden olan hak ve alacaklar\u0131n\u0131n tahsili ba\u015fta olmak \u00fczere; sporculara verilen hak mahrumiyet cezalar\u0131n\u0131n iptali, sponsorluk veya menajerlik s\u00f6zle\u015fmelerinin haz\u0131rlanmas\u0131, spor hukukundan kaynakl\u0131 [&hellip;]\" \/>\n<meta property=\"og:url\" content=\"https:\/\/axislawconsulting.com\/tr\/sports-law\/\" \/>\n<meta property=\"og:site_name\" content=\"\u0645\u0643\u062a\u0628 \u0623\u0643\u0633\u064a\u0633 \u0644\u0644\u0645\u062d\u0627\u0645\u0627\u0629 \u0648\u0627\u0644\u0627\u0633\u062a\u0634\u0627\u0631\u0627\u062a\" \/>\n<meta property=\"article:publisher\" content=\"https:\/\/www.facebook.com\/people\/AXS-LAW-Consulting\/100085461437939\/\" \/>\n<meta property=\"article:modified_time\" content=\"2023-02-01T00:47:43+00:00\" \/>\n<meta property=\"og:image\" content=\"https:\/\/new.axislawconsulting.com\/wp-content\/uploads\/2023\/01\/young-man-runner-tying-shoelaces-1.jpg\" \/>\n<meta name=\"twitter:card\" content=\"summary_large_image\" \/>\n<meta name=\"twitter:site\" content=\"@axis_law\" \/>\n<meta name=\"twitter:label1\" content=\"Tahmini okuma s\u00fcresi\" \/>\n\t<meta name=\"twitter:data1\" content=\"2 dakika\" \/>\n<script type=\"application\/ld+json\" class=\"yoast-schema-graph\">{\"@context\":\"https:\\\/\\\/schema.org\",\"@graph\":[{\"@type\":\"WebPage\",\"@id\":\"https:\\\/\\\/axislawconsulting.com\\\/tr\\\/sports-law\\\/\",\"url\":\"https:\\\/\\\/axislawconsulting.com\\\/tr\\\/sports-law\\\/\",\"name\":\"Spor Hukuku - \u0645\u0643\u062a\u0628 \u0623\u0643\u0633\u064a\u0633 \u0644\u0644\u0645\u062d\u0627\u0645\u0627\u0629 \u0648\u0627\u0644\u0627\u0633\u062a\u0634\u0627\u0631\u0627\u062a\",\"isPartOf\":{\"@id\":\"https:\\\/\\\/axislawconsulting.com\\\/ar\\\/#website\"},\"primaryImageOfPage\":{\"@id\":\"https:\\\/\\\/axislawconsulting.com\\\/tr\\\/sports-law\\\/#primaryimage\"},\"image\":{\"@id\":\"https:\\\/\\\/axislawconsulting.com\\\/tr\\\/sports-law\\\/#primaryimage\"},\"thumbnailUrl\":\"https:\\\/\\\/new.axislawconsulting.com\\\/wp-content\\\/uploads\\\/2023\\\/01\\\/young-man-runner-tying-shoelaces-1.jpg\",\"datePublished\":\"2023-01-29T08:49:20+00:00\",\"dateModified\":\"2023-02-01T00:47:43+00:00\",\"breadcrumb\":{\"@id\":\"https:\\\/\\\/axislawconsulting.com\\\/tr\\\/sports-law\\\/#breadcrumb\"},\"inLanguage\":\"tr\",\"potentialAction\":[{\"@type\":\"ReadAction\",\"target\":[\"https:\\\/\\\/axislawconsulting.com\\\/tr\\\/sports-law\\\/\"]}]},{\"@type\":\"ImageObject\",\"inLanguage\":\"tr\",\"@id\":\"https:\\\/\\\/axislawconsulting.com\\\/tr\\\/sports-law\\\/#primaryimage\",\"url\":\"https:\\\/\\\/new.axislawconsulting.com\\\/wp-content\\\/uploads\\\/2023\\\/01\\\/young-man-runner-tying-shoelaces-1.jpg\",\"contentUrl\":\"https:\\\/\\\/new.axislawconsulting.com\\\/wp-content\\\/uploads\\\/2023\\\/01\\\/young-man-runner-tying-shoelaces-1.jpg\"},{\"@type\":\"BreadcrumbList\",\"@id\":\"https:\\\/\\\/axislawconsulting.com\\\/tr\\\/sports-law\\\/#breadcrumb\",\"itemListElement\":[{\"@type\":\"ListItem\",\"position\":1,\"name\":\"Anasayfa\",\"item\":\"https:\\\/\\\/axislawconsulting.com\\\/tr\\\/\"},{\"@type\":\"ListItem\",\"position\":2,\"name\":\"Spor Hukuku\"}]},{\"@type\":\"WebSite\",\"@id\":\"https:\\\/\\\/axislawconsulting.com\\\/ar\\\/#website\",\"url\":\"https:\\\/\\\/axislawconsulting.com\\\/ar\\\/\",\"name\":\"\u0645\u0643\u062a\u0628 \u0623\u0643\u0633\u064a\u0633 \u0644\u0644\u0645\u062d\u0627\u0645\u0627\u0629 \u0648\u0627\u0644\u0627\u0633\u062a\u0634\u0627\u0631\u0627\u062a\",\"description\":\"\u0623\u0643\u0633\u064a\u0633 \u0644\u0644\u0627\u0633\u062a\u0634\u0627\u0631\u0627\u062a \u0627\u0644\u0642\u0627\u0646\u0648\u0646\u064a\u0629\",\"potentialAction\":[{\"@type\":\"SearchAction\",\"target\":{\"@type\":\"EntryPoint\",\"urlTemplate\":\"https:\\\/\\\/axislawconsulting.com\\\/ar\\\/?s={search_term_string}\"},\"query-input\":{\"@type\":\"PropertyValueSpecification\",\"valueRequired\":true,\"valueName\":\"search_term_string\"}}],\"inLanguage\":\"tr\"}]}<\/script>\n<!-- \/ Yoast SEO plugin. -->","yoast_head_json":{"title":"Spor Hukuku - \u0645\u0643\u062a\u0628 \u0623\u0643\u0633\u064a\u0633 \u0644\u0644\u0645\u062d\u0627\u0645\u0627\u0629 \u0648\u0627\u0644\u0627\u0633\u062a\u0634\u0627\u0631\u0627\u062a","robots":{"index":"index","follow":"follow","max-snippet":"max-snippet:-1","max-image-preview":"max-image-preview:large","max-video-preview":"max-video-preview:-1"},"canonical":"https:\/\/axislawconsulting.com\/tr\/sports-law\/","og_locale":"tr_TR","og_type":"article","og_title":"Spor Hukuku - \u0645\u0643\u062a\u0628 \u0623\u0643\u0633\u064a\u0633 \u0644\u0644\u0645\u062d\u0627\u0645\u0627\u0629 \u0648\u0627\u0644\u0627\u0633\u062a\u0634\u0627\u0631\u0627\u062a","og_description":"Spor Hukuku Bir\u00e7ok geli\u015fmi\u015f \u00fclkede ba\u015fl\u0131 ba\u015f\u0131na bir hukuk dal\u0131 olan Spor Hukuku, \u00fclkemizde de de\u011fi\u015fen ihtiya\u00e7lar ve geli\u015fen sistem sebebi ile s\u0131k\u00e7a dan\u0131\u015fmanl\u0131\u011fa ihtiya\u00e7 duyulan bir husus haline gelmi\u015ftir. Ofisimizde sporcular\u0131n kul\u00fcplerden olan hak ve alacaklar\u0131n\u0131n tahsili ba\u015fta olmak \u00fczere; sporculara verilen hak mahrumiyet cezalar\u0131n\u0131n iptali, sponsorluk veya menajerlik s\u00f6zle\u015fmelerinin haz\u0131rlanmas\u0131, spor hukukundan kaynakl\u0131 [&hellip;]","og_url":"https:\/\/axislawconsulting.com\/tr\/sports-law\/","og_site_name":"\u0645\u0643\u062a\u0628 \u0623\u0643\u0633\u064a\u0633 \u0644\u0644\u0645\u062d\u0627\u0645\u0627\u0629 \u0648\u0627\u0644\u0627\u0633\u062a\u0634\u0627\u0631\u0627\u062a","article_publisher":"https:\/\/www.facebook.com\/people\/AXS-LAW-Consulting\/100085461437939\/","article_modified_time":"2023-02-01T00:47:43+00:00","og_image":[{"url":"https:\/\/new.axislawconsulting.com\/wp-content\/uploads\/2023\/01\/young-man-runner-tying-shoelaces-1.jpg","type":"","width":"","height":""}],"twitter_card":"summary_large_image","twitter_site":"@axis_law","twitter_misc":{"Tahmini okuma s\u00fcresi":"2 dakika"},"schema":{"@context":"https:\/\/schema.org","@graph":[{"@type":"WebPage","@id":"https:\/\/axislawconsulting.com\/tr\/sports-law\/","url":"https:\/\/axislawconsulting.com\/tr\/sports-law\/","name":"Spor Hukuku - \u0645\u0643\u062a\u0628 \u0623\u0643\u0633\u064a\u0633 \u0644\u0644\u0645\u062d\u0627\u0645\u0627\u0629 \u0648\u0627\u0644\u0627\u0633\u062a\u0634\u0627\u0631\u0627\u062a","isPartOf":{"@id":"https:\/\/axislawconsulting.com\/ar\/#website"},"primaryImageOfPage":{"@id":"https:\/\/axislawconsulting.com\/tr\/sports-law\/#primaryimage"},"image":{"@id":"https:\/\/axislawconsulting.com\/tr\/sports-law\/#primaryimage"},"thumbnailUrl":"https:\/\/new.axislawconsulting.com\/wp-content\/uploads\/2023\/01\/young-man-runner-tying-shoelaces-1.jpg","datePublished":"2023-01-29T08:49:20+00:00","dateModified":"2023-02-01T00:47:43+00:00","breadcrumb":{"@id":"https:\/\/axislawconsulting.com\/tr\/sports-law\/#breadcrumb"},"inLanguage":"tr","potentialAction":[{"@type":"ReadAction","target":["https:\/\/axislawconsulting.com\/tr\/sports-law\/"]}]},{"@type":"ImageObject","inLanguage":"tr","@id":"https:\/\/axislawconsulting.com\/tr\/sports-law\/#primaryimage","url":"https:\/\/new.axislawconsulting.com\/wp-content\/uploads\/2023\/01\/young-man-runner-tying-shoelaces-1.jpg","contentUrl":"https:\/\/new.axislawconsulting.com\/wp-content\/uploads\/2023\/01\/young-man-runner-tying-shoelaces-1.jpg"},{"@type":"BreadcrumbList","@id":"https:\/\/axislawconsulting.com\/tr\/sports-law\/#breadcrumb","itemListElement":[{"@type":"ListItem","position":1,"name":"Anasayfa","item":"https:\/\/axislawconsulting.com\/tr\/"},{"@type":"ListItem","position":2,"name":"Spor Hukuku"}]},{"@type":"WebSite","@id":"https:\/\/axislawconsulting.com\/ar\/#website","url":"https:\/\/axislawconsulting.com\/ar\/","name":"\u0645\u0643\u062a\u0628 \u0623\u0643\u0633\u064a\u0633 \u0644\u0644\u0645\u062d\u0627\u0645\u0627\u0629 \u0648\u0627\u0644\u0627\u0633\u062a\u0634\u0627\u0631\u0627\u062a","description":"\u0623\u0643\u0633\u064a\u0633 \u0644\u0644\u0627\u0633\u062a\u0634\u0627\u0631\u0627\u062a \u0627\u0644\u0642\u0627\u0646\u0648\u0646\u064a\u0629","potentialAction":[{"@type":"SearchAction","target":{"@type":"EntryPoint","urlTemplate":"https:\/\/axislawconsulting.com\/ar\/?s={search_term_string}"},"query-input":{"@type":"PropertyValueSpecification","valueRequired":true,"valueName":"search_term_string"}}],"inLanguage":"tr"}]}},"_links":{"self":[{"href":"https:\/\/axislawconsulting.com\/tr\/wp-json\/wp\/v2\/pages\/1186","targetHints":{"allow":["GET"]}}],"collection":[{"href":"https:\/\/axislawconsulting.com\/tr\/wp-json\/wp\/v2\/pages"}],"about":[{"href":"https:\/\/axislawconsulting.com\/tr\/wp-json\/wp\/v2\/types\/page"}],"author":[{"embeddable":true,"href":"https:\/\/axislawconsulting.com\/tr\/wp-json\/wp\/v2\/users\/12"}],"replies":[{"embeddable":true,"href":"https:\/\/axislawconsulting.com\/tr\/wp-json\/wp\/v2\/comments?post=1186"}],"version-history":[{"count":4,"href":"https:\/\/axislawconsulting.com\/tr\/wp-json\/wp\/v2\/pages\/1186\/revisions"}],"predecessor-version":[{"id":1198,"href":"https:\/\/axislawconsulting.com\/tr\/wp-json\/wp\/v2\/pages\/1186\/revisions\/1198"}],"wp:attachment":[{"href":"https:\/\/axislawconsulting.com\/tr\/wp-json\/wp\/v2\/media?parent=1186"}],"curies":[{"name":"wp","href":"https:\/\/api.w.org\/{rel}","templated":true}]}}